{"id":1376,"date":"2017-10-27T04:20:00","date_gmt":"2017-10-27T02:20:00","guid":{"rendered":"https:\/\/trifectawines.hu\/?page_id=1376"},"modified":"2018-04-13T17:30:45","modified_gmt":"2018-04-13T15:30:45","slug":"impressum","status":"publish","type":"page","link":"https:\/\/trifecta.hu\/eng\/impressum\/","title":{"rendered":"Impressum"},"content":{"rendered":"<div class=\"wpb-content-wrapper\"><div class=\"vc_row wpb_row vc_row-fluid\"><div class=\"wpb_column vc_column_container vc_col-sm-12\"><div class=\"vc_column-inner\"><div class=\"wpb_wrapper\">\n\t<div class=\"title-subtitle-box\" style=\" text-align: left;\">\n\t\t<h2 style=\" font-style: normal;\">Company<\/h2>\n\t<\/div> \n\t<div class=\"wpb_text_column wpb_content_element\" >\n\t\t<div class=\"wpb_wrapper\">\n\t\t\t<p>c\u00e9gn\u00e9v: Trifecta Wines Kft.<\/p>\n<p>sz\u00e9khely: 1113 Budapest, Tas vez\u00e9r utca 20. 4. em. 1.<\/p>\n<p>c\u00e9gjegyz\u00e9ksz\u00e1m: 01-09-282836<\/p>\n<p>ad\u00f3sz\u00e1m: 25570438-2-43<\/p>\n<p>e-mail: info@trifectawines.hu<\/p>\n<p>telefonsz\u00e1m: +36 30 283 3032<\/p>\n\n\t\t<\/div>\n\t<\/div>\n\n\t<div class=\"title-subtitle-box\" style=\" text-align: left;\">\n\t\t<h2 style=\" font-style: normal;\">Webhosting<\/h2>\n\t<\/div> \n\t<div class=\"wpb_text_column wpb_content_element\" >\n\t\t<div class=\"wpb_wrapper\">\n\t\t\t<p>c\u00e9gn\u00e9v: T\u00e1rhely.EU. Kft.<\/p>\n<p>sz\u00e9khely: 1144 Budapest, Orm\u00e1ns\u00e1g u. 4.<\/p>\n<p>c\u00e9gjegyz\u00e9ksz\u00e1m: 01-09-909968<\/p>\n<p>ad\u00f3sz\u00e1m: 14571332-2-42<\/p>\n<p>e-mail: support@tarhely.eu<\/p>\n<p>telefonsz\u00e1m: +36 1 789 2789<\/p>\n\n\t\t<\/div>\n\t<\/div>\n<\/div><\/div><\/div><\/div>\n<\/div>","protected":false},"excerpt":{"rendered":"Company c\u00e9gn\u00e9v: Trifecta Wines Kft. sz\u00e9khely: 1113 Budapest, Tas vez\u00e9r utca 20. 4. em. 1. c\u00e9gjegyz\u00e9ksz\u00e1m: 01-09-282836 ad\u00f3sz\u00e1m: 25570438-2-43 e-mail: info@trifectawines.hu telefonsz\u00e1m: +36 30 283 3032 Webhosting c\u00e9gn\u00e9v: T\u00e1rhely.EU. Kft.<br class=\"read-more-spacer\"> <a class=\"more-link\" href=\"https:\/\/trifecta.hu\/eng\/impressum\/\">Read More<\/a>","protected":false},"author":39,"featured_media":0,"parent":0,"menu_order":0,"comment_status":"closed","ping_status":"closed","template":"","meta":{"_acf_changed":false,"_seopress_robots_primary_cat":"","_seopress_titles_title":"","_seopress_titles_desc":"","_seopress_robots_index":"","footnotes":""},"class_list":["post-1376","page","type-page","status-publish","hentry"],"acf":[],"_links":{"self":[{"href":"https:\/\/trifecta.hu\/eng\/wp-json\/wp\/v2\/pages\/1376","targetHints":{"allow":["GET"]}}],"collection":[{"href":"https:\/\/trifecta.hu\/eng\/wp-json\/wp\/v2\/pages"}],"about":[{"href":"https:\/\/trifecta.hu\/eng\/wp-json\/wp\/v2\/types\/page"}],"author":[{"embeddable":true,"href":"https:\/\/trifecta.hu\/eng\/wp-json\/wp\/v2\/users\/39"}],"replies":[{"embeddable":true,"href":"https:\/\/trifecta.hu\/eng\/wp-json\/wp\/v2\/comments?post=1376"}],"version-history":[{"count":6,"href":"https:\/\/trifecta.hu\/eng\/wp-json\/wp\/v2\/pages\/1376\/revisions"}],"predecessor-version":[{"id":1944,"href":"https:\/\/trifecta.hu\/eng\/wp-json\/wp\/v2\/pages\/1376\/revisions\/1944"}],"wp:attachment":[{"href":"https:\/\/trifecta.hu\/eng\/wp-json\/wp\/v2\/media?parent=1376"}],"curies":[{"name":"wp","href":"https:\/\/api.w.org\/{rel}","templated":true}]}}