{"id":1694,"date":"2017-12-26T21:26:56","date_gmt":"2017-12-26T19:26:56","guid":{"rendered":"https:\/\/trifectawines.hu\/?page_id=1694"},"modified":"2025-07-15T15:21:08","modified_gmt":"2025-07-15T13:21:08","slug":"winery","status":"publish","type":"page","link":"https:\/\/trifecta.hu\/eng\/winery\/","title":{"rendered":"Winery"},"content":{"rendered":"<div class=\"wpb-content-wrapper\"><div data-vc-full-width=\"true\" data-vc-full-width-init=\"false\" class=\"vc_row wpb_row vc_row-fluid vc_custom_1514418682413\"><div class=\"wpb_column vc_column_container vc_col-sm-2\"><div class=\"vc_column-inner\"><div class=\"wpb_wrapper\"><\/div><\/div><\/div><div class=\"wpb_column vc_column_container vc_col-sm-8\"><div class=\"vc_column-inner  vc_custom_1458555142589\"><div class=\"wpb_wrapper\">\n\t<div class=\"title-subtitle-box\" style=\" text-align: center;\">\n\t\t<h1 style=\" font-style: normal;\">Our Philosophy<\/h1>\n\t<\/div> \n\t<div class=\"wpb_text_column wpb_content_element\" >\n\t\t<div class=\"wpb_wrapper\">\n\t\t\t<hr \/>\n<p style=\"text-align: center;\"><em>\u00c9rzelem n\u00e9lk\u00fcl nincsen bor. A j\u00f3 bor olyan, mint az igaz szerelem; els\u0151 k\u00f3stol\u00e1sra, zsigereiben \u00e9rzi az ember lelke. A mi boraink Tokaj &#8211; Hegyalja nemes d\u0171l\u0151in sz\u00fcletnek ott; ahol a f\u00f6ld \u00e9s az \u00e9g \u00f6ssze\u00e9r, ahol a napsugarak \u00e9s a reggeli harmat egyszerre \u00e9rinti meg sz\u0151l\u0151f\u00fcrtjeinket, itt \u00e9rlel\u0151dnek sz\u0151l\u0151f\u00fcrtjeink csendesen. Ez a mi csod\u00e1latos Tokaji borvid\u00e9k\u00fcnk.\u00a0<\/em><\/p>\n\n\t\t<\/div>\n\t<\/div>\n<\/div><\/div><\/div><div class=\"wpb_column vc_column_container vc_col-sm-2\"><div class=\"vc_column-inner\"><div class=\"wpb_wrapper\"><\/div><\/div><\/div><\/div><div class=\"vc_row-full-width vc_clearfix\"><\/div><div data-vc-full-width=\"true\" data-vc-full-width-init=\"false\" data-vc-stretch-content=\"true\" class=\"vc_row wpb_row vc_row-fluid vc_custom_1514574636968 vc_row-has-fill vc_row-no-padding\"><div class=\"wpb_column vc_column_container vc_col-sm-2\"><div class=\"vc_column-inner\"><div class=\"wpb_wrapper\"><\/div><\/div><\/div><div class=\"wpb_column vc_column_container vc_col-sm-8\"><div class=\"vc_column-inner  vc_custom_1458555142589\"><div class=\"wpb_wrapper\">\n\t<div class=\"title-subtitle-box\" style=\" text-align: center;\">\n\t\t<p  style=\"\">T\u00e1llya<\/p>\n\t\t<h1 style=\" font-style: normal;\">T\u00f6rt\u00e9nete<\/h1>\n\t<\/div> \n\t<div class=\"wpb_text_column wpb_content_element\" >\n\t\t<div class=\"wpb_wrapper\">\n\t\t\t<hr style=\"margin-top: -18px;\" \/>\n<p>Tokaj-Hegyalja \u00e9s azon bel\u00fcl T\u00e1llya 2002-t\u0151l kult\u00fart\u00e1jk\u00e9nt a Vil\u00e1g\u00f6r\u00f6ks\u00e9g r\u00e9sz\u00e9t k\u00e9pezi. K\u00f6zs\u00e9g\u00fcnk egyes v\u00e9leked\u00e9sek szerint Eur\u00f3pa m\u00e9rtani k\u00f6z\u00e9ppontj\u00e1ban fekszik \u00e9s mint az \u00e9vsz\u00e1zadok \u00f3ta m\u00e9lt\u00e1n vil\u00e1gh\u00edr\u0171 Tokaji borvid\u00e9k r\u00e9sze. K\u00e9ts\u00e9g k\u00edv\u00fcl felejthetetlen \u00e9lm\u00e9nyekkel gazdag\u00edtja az idel\u00e1togat\u00f3 vend\u00e9geket.<\/p>\n<p>Hungary\u2019s accession to the European Union opened countless opportunities to present the area\u2019s natural, historical, and cultural treasures to a wider audience\u2014meeting the growing interest of both international and domestic travellers alike.<\/p>\n\n\t\t<\/div>\n\t<\/div>\n<div class=\"gg-horizontal-list\"><dl class=\"horizontal\">\n\t<dt >Alap\u00edt\u00e1s d\u00e1tuma<\/dt>\n\t<dd >15. sz\u00e1zad<\/p>\n<p><\/dd>\n\t<dt >Ter\u00fclet<\/dt>\n\t<dd >37,96 km\u00b2<\/p>\n<p><\/dd>\n\t<dt >N\u00e9pess\u00e9g<\/dt>\n\t<dd >1892 f\u0151<br \/>\n<\/dd><\/dl><\/div><\/div><\/div><\/div><div class=\"wpb_column vc_column_container vc_col-sm-2\"><div class=\"vc_column-inner\"><div class=\"wpb_wrapper\"><\/div><\/div><\/div><\/div><div class=\"vc_row-full-width vc_clearfix\"><\/div><div data-vc-full-width=\"true\" data-vc-full-width-init=\"false\" class=\"vc_row wpb_row vc_row-fluid vc_custom_1514321232488\"><div class=\"wpb_column vc_column_container vc_col-sm-12\"><div class=\"vc_column-inner  vc_custom_1514321964207\"><div class=\"wpb_wrapper\">\n\t<div class=\"title-subtitle-box\" style=\" text-align: center;\">\n\t\t<h1 style=\" font-style: normal;\">Term\u0151ter\u00fcleteink<\/h1>\n\t<\/div> <\/div><\/div><\/div><div class=\"wpb_column vc_column_container vc_col-sm-7 vc_col-lg-8 vc_col-md-8\"><div class=\"vc_column-inner  vc_custom_1514321772828\"><div class=\"wpb_wrapper\">\n\t<div class=\"title-subtitle-box\" style=\" text-align: left;\">\n\t\t<h3 style=\" font-style: normal;\">Szent Tam\u00e1s-d\u0171l\u0151, M\u00e1d<\/h3>\n\t<\/div> \n\t<div class=\"wpb_text_column wpb_content_element\" >\n\t\t<div class=\"wpb_wrapper\">\n\t\t\t<p>\u00c1sv\u00e1nyos, s\u0171r\u0171, friss \u00e9s finoman s\u00f3s karakter jellemzi a vulkanikus borainkat. Egyik ilyen jellegzetesen vulkanikus vid\u00e9k\u00fcnk Tokaj. Mi magyarok szeretj\u00fck a magyar borokat \u00e9s m\u00e1ra felismert\u00fck; a tokaji borvid\u00e9k a vil\u00e1gon egyed\u00fcl\u00e1ll\u00f3 borokat ad. A viszonylagos v\u00edzhi\u00e1ny \u00e9s a talaj intenz\u00edv \u00e1sv\u00e1nyoss\u00e1ga egy\u00fctt \u00e9rezteti hat\u00e1s\u00e1t a sz\u0151l\u0151szemek rendk\u00edv\u00fcl koncentr\u00e1lt \u00edz\u00e9ben, ami a borban is visszak\u00f6sz\u00f6n.<\/p>\n<p>A Szent Tam\u00e1s-d\u0171l\u0151 k\u00e9ts\u00e9gk\u00edv\u00fcl a Tokaj borr\u00e9gi\u00f3 egyik szent helye. Egyik els\u0151 oszt\u00e1ly\u00fa, preszt\u00edzs d\u0171l\u0151nk teteje, vulkanikus boraink sz\u00fcl\u0151f\u00f6ldje. Furmintjainkban visszak\u00f6sz\u00f6n ezen d\u0171l\u0151 sz\u00edve &#8211; lelke, savass\u00e1ga \u00e9s az \u00edzek telt harm\u00f3ni\u00e1ja.<\/p>\n\n\t\t<\/div>\n\t<\/div>\n<\/div><\/div><\/div><div class=\"wpb_column vc_column_container vc_col-sm-5 vc_col-lg-4 vc_col-md-4 vc_col-has-fill\"><div class=\"vc_column-inner  vc_custom_1514321671371\"><div class=\"wpb_wrapper\">\n\t<div class=\"title-subtitle-box\" style=\" text-align: left;\">\n\t\t<h3 style=\" font-style: normal;\">Webshop<\/h3>\n\t<\/div> \n\t<div class=\"gg_list list_style_line\">\n<ul>\n<li><a style=\"color: black;\" href=\"https:\/\/trifecta.hu\/eng\/webshop\/szent-tamas-campbell-tokaji-furmint-2013-szaraz-feherbor\/\">Szent Tam\u00e1s &#8211; Campbell Tokaji Furmint 2013<\/a><\/li>\n<li><a style=\"color: black;\" href=\"https:\/\/trifecta.hu\/eng\/webshop\/gran-reserva-1820-tokaji-furmint-2014-szaraz-feherbor\/\">Gran Reserva 1820 Tokaji Furmint 2014<\/a><\/li>\n<li><a style=\"color: black;\" href=\"https:\/\/trifecta.hu\/eng\/webshop\/szent-tamas-karsten-tokaji-furmint-2015-szaraz-feherbor\/\">Szent Tam\u00e1s &#8211; Karsten Tokaji Furmint 2015<\/a><\/li>\n<\/ul>\n<\/div><div class=\"vc_btn3-container vc_btn3-inline vc_custom_1514930962155 vc_do_btn\" ><a style=\"background-color:#000000; color:#ffffff;\" class=\"vc_general vc_btn3 vc_btn3-size-md vc_btn3-shape-square vc_btn3-style-custom\" href=\"https:\/\/trifecta.hu\/eng\/webshop\/\" title=\"Webshop\">Webshop<\/a><\/div><\/div><\/div><\/div><\/div><div class=\"vc_row-full-width vc_clearfix\"><\/div><div data-vc-full-width=\"true\" data-vc-full-width-init=\"false\" class=\"vc_row wpb_row vc_row-fluid vc_custom_1514323077992 vc_row-has-fill\"><div class=\"wpb_column vc_column_container vc_col-sm-7 vc_col-lg-4 vc_col-md-4 vc_col-has-fill\"><div class=\"vc_column-inner  vc_custom_1514319376467\"><div class=\"wpb_wrapper\">\n\t<div class=\"title-subtitle-box\" style=\" text-align: left;\">\n\t\t<h3 style=\" font-style: normal;\">Webshop<\/h3>\n\t<\/div> \n\t<div class=\"gg_list list_style_line\">\n<ul>\n<li><a style=\"color: black;\" href=\"https:\/\/trifecta.hu\/eng\/webshop\/szerelmi-tokaji-furmint-2015-szaraz-feherbor\/\">Szerelmi Tokaji Furmint 2015<\/a><\/li>\n<\/ul>\n<\/div><div class=\"vc_btn3-container vc_btn3-inline vc_custom_1514930962155 vc_do_btn\" ><a style=\"background-color:#000000; color:#ffffff;\" class=\"vc_general vc_btn3 vc_btn3-size-md vc_btn3-shape-square vc_btn3-style-custom\" href=\"https:\/\/trifecta.hu\/eng\/webshop\/\" title=\"Webshop\">Webshop<\/a><\/div><\/div><\/div><\/div><div class=\"wpb_column vc_column_container vc_col-sm-5 vc_col-lg-8 vc_col-md-8\"><div class=\"vc_column-inner  vc_custom_1514321877904\"><div class=\"wpb_wrapper\">\n\t<div class=\"title-subtitle-box\" style=\" text-align: left;\">\n\t\t<h3 style=\" font-style: normal;\">Szerelmi-d\u0171l\u0151, Tokaj<\/h3>\n\t<\/div> \n\t<div class=\"wpb_text_column wpb_content_element\" >\n\t\t<div class=\"wpb_wrapper\">\n\t\t\t<p>Tokaj egyik legh\u00edresebb l\u00f6sz\u00f6s d\u0171l\u0151je a Tokaj f\u00f6l\u00f6tt magasod\u00f3 Szerelmi-d\u0171l\u0151. A l\u00f6szfal vastags\u00e1g\u00e1nak k\u00f6sz\u00f6nhet\u0151en &#8211; 10-30 m\u00e9ter &#8211; a sz\u0151l\u0151k itt a legszebb \u00e9s leggy\u00fcm\u00f6lcs\u00f6sebb form\u00e1jukat adj\u00e1k. Kecses, illatos, eleg\u00e1ns borok term\u0151talaja.<\/p>\n\n\t\t<\/div>\n\t<\/div>\n<\/div><\/div><\/div><\/div><div class=\"vc_row-full-width vc_clearfix\"><\/div><div class=\"vc_row wpb_row vc_row-fluid vc_custom_1751008380613\"><div class=\"wpb_column vc_column_container vc_col-sm-12\"><div class=\"vc_column-inner\"><div class=\"wpb_wrapper\"><div class=\"wpb_gallery wpb_content_element vc_clearfix vc_custom_1515013587762 wpb_content_element\" ><div class=\"wpb_wrapper\"><div class=\"wpb_gallery_slides wpb_flexslider flexslider_fade flexslider\" data-interval=\"3\" data-flex_fx=\"fade\"><ul class=\"slides\"><li><img loading=\"lazy\" decoding=\"async\" width=\"1920\" height=\"1280\" src=\"https:\/\/trifecta.hu\/wp-content\/uploads\/2018\/01\/IMG_2122.jpg\" class=\"attachment-full\" alt=\"\" title=\"\" srcset=\"https:\/\/trifecta.hu\/wp-content\/uploads\/2018\/01\/IMG_2122.jpg 1920w, https:\/\/trifecta.hu\/wp-content\/uploads\/2018\/01\/IMG_2122-450x300.jpg 450w, https:\/\/trifecta.hu\/wp-content\/uploads\/2018\/01\/IMG_2122-600x400.jpg 600w\" sizes=\"auto, (max-width: 1920px) 100vw, 1920px\" \/><\/li><li><img loading=\"lazy\" decoding=\"async\" width=\"1920\" height=\"1280\" src=\"https:\/\/trifecta.hu\/wp-content\/uploads\/2016\/03\/trifecta-wines-hungary-tokaj-RG8_6586.jpg\" class=\"attachment-full\" alt=\"\" title=\"trifecta-wines-hungary-tokaj-RG8_6586\" srcset=\"https:\/\/trifecta.hu\/wp-content\/uploads\/2016\/03\/trifecta-wines-hungary-tokaj-RG8_6586.jpg 1920w, https:\/\/trifecta.hu\/wp-content\/uploads\/2016\/03\/trifecta-wines-hungary-tokaj-RG8_6586-450x300.jpg 450w, https:\/\/trifecta.hu\/wp-content\/uploads\/2016\/03\/trifecta-wines-hungary-tokaj-RG8_6586-600x400.jpg 600w\" sizes=\"auto, (max-width: 1920px) 100vw, 1920px\" \/><\/li><li><img loading=\"lazy\" decoding=\"async\" width=\"1920\" height=\"1280\" src=\"https:\/\/trifecta.hu\/wp-content\/uploads\/2016\/03\/trifecta-wines-hungary-tokaj-RG8_6539.jpg\" class=\"attachment-full\" alt=\"\" title=\"trifecta-wines-hungary-tokaj-RG8_6539\" srcset=\"https:\/\/trifecta.hu\/wp-content\/uploads\/2016\/03\/trifecta-wines-hungary-tokaj-RG8_6539.jpg 1920w, https:\/\/trifecta.hu\/wp-content\/uploads\/2016\/03\/trifecta-wines-hungary-tokaj-RG8_6539-450x300.jpg 450w, https:\/\/trifecta.hu\/wp-content\/uploads\/2016\/03\/trifecta-wines-hungary-tokaj-RG8_6539-600x400.jpg 600w\" sizes=\"auto, (max-width: 1920px) 100vw, 1920px\" \/><\/li><li><img loading=\"lazy\" decoding=\"async\" width=\"1920\" height=\"1280\" src=\"https:\/\/trifecta.hu\/wp-content\/uploads\/2017\/12\/8-1.jpg\" class=\"attachment-full\" alt=\"\" title=\"8\" srcset=\"https:\/\/trifecta.hu\/wp-content\/uploads\/2017\/12\/8-1.jpg 1920w, https:\/\/trifecta.hu\/wp-content\/uploads\/2017\/12\/8-1-450x300.jpg 450w, https:\/\/trifecta.hu\/wp-content\/uploads\/2017\/12\/8-1-600x400.jpg 600w\" sizes=\"auto, (max-width: 1920px) 100vw, 1920px\" \/><\/li><li><img loading=\"lazy\" decoding=\"async\" width=\"1920\" height=\"1280\" src=\"https:\/\/trifecta.hu\/wp-content\/uploads\/2016\/03\/trifecta-wines-hungary-tokaj-RG8_6566.jpg\" class=\"attachment-full\" alt=\"\" title=\"trifecta-wines-hungary-tokaj-RG8_6566\" srcset=\"https:\/\/trifecta.hu\/wp-content\/uploads\/2016\/03\/trifecta-wines-hungary-tokaj-RG8_6566.jpg 1920w, https:\/\/trifecta.hu\/wp-content\/uploads\/2016\/03\/trifecta-wines-hungary-tokaj-RG8_6566-450x300.jpg 450w, https:\/\/trifecta.hu\/wp-content\/uploads\/2016\/03\/trifecta-wines-hungary-tokaj-RG8_6566-600x400.jpg 600w\" sizes=\"auto, (max-width: 1920px) 100vw, 1920px\" \/><\/li><\/ul><\/div><\/div><\/div><\/div><\/div><\/div><\/div><div data-vc-full-width=\"true\" data-vc-full-width-init=\"false\" class=\"vc_row wpb_row vc_row-fluid vc_custom_1514683537906 vc_row-has-fill vc_row-o-full-height vc_row-o-columns-middle vc_row-flex\"><div class=\"wpb_column vc_column_container vc_col-sm-12\"><div class=\"vc_column-inner\"><div class=\"wpb_wrapper\"><div class=\"vc_row wpb_row vc_inner vc_row-fluid vc_custom_1514996315048 vc_row-has-fill vc_row-o-content-middle vc_row-flex\"><div class=\"wpb_column vc_column_container vc_col-sm-12\"><div class=\"vc_column-inner\"><div class=\"wpb_wrapper\">\n\t<div class=\"wpb_text_column wpb_content_element  vc_custom_1514996143922\" >\n\t\t<div class=\"wpb_wrapper\">\n\t\t\t<h2 style=\"text-align: center; color: white;\">Egy anekdota szerint&#8230;<\/h2>\n\n\t\t<\/div>\n\t<\/div>\n\n\t<div class=\"wpb_text_column wpb_content_element\" >\n\t\t<div class=\"wpb_wrapper\">\n\t\t\t<h5 style=\"text-align: center; color: white;\">IV. Piusz p\u00e1pa a tridenti zsinat idej\u00e9n megk\u00f3stolta a t\u00e1llyai bort, \u00e9s ezt a kijelent\u00e9st tette:<br \/>\n\u201eSummum Pontificem talia vina decent!\u201d, azaz:<br \/>\n\u201e\u0150szents\u00e9g\u00e9nek ilyen (t\u00e1llyai) bor duk\u00e1l.\u201d<\/h5>\n\n\t\t<\/div>\n\t<\/div>\n<div class=\"vc_btn3-container vc_btn3-center vc_do_btn\" ><a style=\"background-color:#b0976d; color:#ffffff;\" class=\"vc_general vc_btn3 vc_btn3-size-md vc_btn3-shape-square vc_btn3-style-custom\" href=\"https:\/\/trifecta.hu\/eng\/webshop\/\" title=\"Webshop\">A legenda nyom\u00e1ban:<br \/>\nWebshop<\/a><\/div><\/div><\/div><\/div><\/div><\/div><\/div><\/div><\/div><div class=\"vc_row-full-width vc_clearfix\"><\/div>\n<\/div>","protected":false},"excerpt":{"rendered":"Filoz\u00f3fi\u00e1nk \u00c9rzelem n\u00e9lk\u00fcl nincsen bor. A j\u00f3 bor olyan, mint az igaz szerelem; els\u0151 k\u00f3stol\u00e1sra, zsigereiben \u00e9rzi az ember lelke. A mi boraink Tokaj - Hegyalja nemes d\u0171l\u0151in sz\u00fcletnek ott;<br class=\"read-more-spacer\"> <a class=\"more-link\" href=\"https:\/\/trifecta.hu\/eng\/winery\/\">Read More<\/a>","protected":false},"author":39,"featured_media":1835,"parent":0,"menu_order":0,"comment_status":"closed","ping_status":"closed","template":"","meta":{"_acf_changed":false,"_seopress_robots_primary_cat":"","_seopress_titles_title":"","_seopress_titles_desc":"T\u00e1llya T\u00f6rt\u00e9nete Tokaj-Hegyalja \u00e9s azon bel\u00fcl T\u00e1llya 2002-t\u0151l kult\u00fart\u00e1jk\u00e9nt a Vil\u00e1g\u00f6r\u00f6ks\u00e9g r\u00e9sz\u00e9t k\u00e9pezi. K\u00f6zs\u00e9g\u00fcnk szerint\u00fcnk Eur\u00f3pa m\u00e9rtani k\u00f6zepe.","_seopress_robots_index":"","footnotes":""},"class_list":["post-1694","page","type-page","status-publish","has-post-thumbnail","hentry"],"acf":[],"_links":{"self":[{"href":"https:\/\/trifecta.hu\/eng\/wp-json\/wp\/v2\/pages\/1694","targetHints":{"allow":["GET"]}}],"collection":[{"href":"https:\/\/trifecta.hu\/eng\/wp-json\/wp\/v2\/pages"}],"about":[{"href":"https:\/\/trifecta.hu\/eng\/wp-json\/wp\/v2\/types\/page"}],"author":[{"embeddable":true,"href":"https:\/\/trifecta.hu\/eng\/wp-json\/wp\/v2\/users\/39"}],"replies":[{"embeddable":true,"href":"https:\/\/trifecta.hu\/eng\/wp-json\/wp\/v2\/comments?post=1694"}],"version-history":[{"count":57,"href":"https:\/\/trifecta.hu\/eng\/wp-json\/wp\/v2\/pages\/1694\/revisions"}],"predecessor-version":[{"id":3442,"href":"https:\/\/trifecta.hu\/eng\/wp-json\/wp\/v2\/pages\/1694\/revisions\/3442"}],"wp:featuredmedia":[{"embeddable":true,"href":"https:\/\/trifecta.hu\/eng\/wp-json\/wp\/v2\/media\/1835"}],"wp:attachment":[{"href":"https:\/\/trifecta.hu\/eng\/wp-json\/wp\/v2\/media?parent=1694"}],"curies":[{"name":"wp","href":"https:\/\/api.w.org\/{rel}","templated":true}]}}