{"id":3081,"date":"2025-06-25T16:02:29","date_gmt":"2025-06-25T14:02:29","guid":{"rendered":"https:\/\/trifecta.dev.fabricor.hu\/?page_id=3081"},"modified":"2025-08-11T15:17:55","modified_gmt":"2025-08-11T13:17:55","slug":"guesthouse","status":"publish","type":"page","link":"https:\/\/trifecta.hu\/eng\/guesthouse\/","title":{"rendered":"Guesthouse"},"content":{"rendered":"<div class=\"wpb-content-wrapper\"><div class=\"vc_row wpb_row vc_row-fluid vc_custom_1750863959230\"><div class=\"wpb_column vc_column_container vc_col-sm-12\"><div class=\"vc_column-inner\"><div class=\"wpb_wrapper\">\n\t<div class=\"wpb_text_column wpb_content_element\" >\n\t\t<div class=\"wpb_wrapper\">\n\t\t\t<div style=\"color: #979797;\">\n<p style=\"text-align: center;\">Since 2002, Tokaj-Hegyalja\u2014and within it, T\u00e1llya\u2014has been part of the UNESCO World Heritage as a cultural landscape. Our village lies at the geometric centre of Europe and, as part of the Tokaj wine region renowned for centuries, it offers visitors truly unforgettable experiences.<\/p>\n<p style=\"text-align: center;\">Hungary\u2019s accession to the European Union opened countless opportunities to present the area\u2019s natural, historical, and cultural treasures to a wider audience\u2014meeting the growing interest of both international and domestic travellers alike.<\/p>\n<p style=\"text-align: center;\">In response to this demand, our guest house took on an active role in strengthening rural tourism, opening its doors in May 2008 to welcome guests seeking high-quality services and authentic experiences.<\/p>\n<\/div>\n\n\t\t<\/div>\n\t<\/div>\n<\/div><\/div><\/div><\/div><div class=\"vc_row wpb_row vc_row-fluid vc_custom_1750867172077 vc_column-gap-5\"><div class=\"wpb_column vc_column_container vc_col-sm-6\"><div class=\"vc_column-inner  vc_custom_1750867118210\"><div class=\"wpb_wrapper\">\n\t<div class=\"wpb_text_column wpb_content_element  udvarhaz-about-us-column\" >\n\t\t<div class=\"wpb_wrapper\">\n\t\t\t<div class=\"number\">1<\/div>\n<div class=\"title\">In the Tokaj Wine Region<\/div>\n<div class=\"description\">T\u00e1llya is located on the southwestern edge of the Zempl\u00e9n Mountains, in the rolling valley carved by the tributaries of the Szerencs stream\u2014a settlement inhabited for thousands of years, as evidenced by archaeological finds.<\/div>\n\n\t\t<\/div>\n\t<\/div>\n<\/div><\/div><\/div><div class=\"wpb_column vc_column_container vc_col-sm-6\"><div class=\"vc_column-inner  vc_custom_1750867110613\"><div class=\"wpb_wrapper\">\n\t<div class=\"wpb_text_column wpb_content_element  udvarhaz-about-us-column\" >\n\t\t<div class=\"wpb_wrapper\">\n\t\t\t<div class=\"number\">2<\/div>\n<div class=\"title\">Trifecta Guesthouse<\/div>\n<div class=\"description\">At the guest house, we offer accommodation in 11 rooms and one two-room apartment for up to 26 guests. Most rooms can be equipped with extra beds, increasing capacity to 36 guests.<\/div>\n\n\t\t<\/div>\n\t<\/div>\n<\/div><\/div><\/div><\/div><div class=\"vc_row wpb_row vc_row-fluid vc_custom_1750866881933 vc_column-gap-5\"><div class=\"wpb_column vc_column_container vc_col-sm-6\"><div class=\"vc_column-inner\"><div class=\"wpb_wrapper\">\n\t<div class=\"wpb_text_column wpb_content_element  udvarhaz-about-us-column\" >\n\t\t<div class=\"wpb_wrapper\">\n\t\t\t<div class=\"number\">3<\/div>\n<div class=\"title\">T\u00e1llya<\/div>\n<div class=\"description\">Visitors arriving in the village are greeted by fresh air filled with the scent of asz\u00fa berries, hillsides green with neatly aligned vineyards, and a crown of interlacing chestnut trees\u2014leading them into a land of birdsong mornings and warm-hearted hospitality.<\/div>\n\n\t\t<\/div>\n\t<\/div>\n<\/div><\/div><\/div><div class=\"wpb_column vc_column_container vc_col-sm-6\"><div class=\"vc_column-inner\"><div class=\"wpb_wrapper\">\n\t<div class=\"wpb_text_column wpb_content_element  udvarhaz-about-us-column\" >\n\t\t<div class=\"wpb_wrapper\">\n\t\t\t<div class=\"number\">4<\/div>\n<div class=\"title\">Meaningful recreation<\/div>\n<div class=\"description\">Hiking enthusiasts will be enchanted by the region\u2019s breathtaking landscapes and natural wonders. Beyond the village borders, visitors can discover countless mystical castles, wild scenery traversed by winding narrow-gauge railways, and tranquil mountain slopes.<\/div>\n\n\t\t<\/div>\n\t<\/div>\n<\/div><\/div><\/div><\/div><div class=\"vc_row wpb_row vc_row-fluid\"><div class=\"wpb_column vc_column_container vc_col-sm-12\"><div class=\"vc_column-inner\"><div class=\"wpb_wrapper\"><div class=\"vc_btn3-container  foglalas-btn vc_btn3-center vc_do_btn\" ><a class=\"vc_general vc_btn3 vc_btn3-size-lg vc_btn3-shape-square vc_btn3-style-modern vc_btn3-color-chino\" href=\"https:\/\/trifecta.hu\/eng\/rooms\/\" title=\"\">Proceed to booking<\/a><\/div><\/div><\/div><\/div><\/div><div class=\"vc_row wpb_row vc_row-fluid vc_custom_1750863998279\"><div class=\"wpb_column vc_column_container vc_col-sm-12\"><div class=\"vc_column-inner\"><div class=\"wpb_wrapper\"><div class=\"wpb_gallery wpb_content_element vc_clearfix wpb_content_element\" ><div class=\"wpb_wrapper\"><div class=\"wpb_gallery_slides wpb_flexslider flexslider_fade flexslider\" data-interval=\"3\" data-flex_fx=\"fade\"><ul class=\"slides\"><li><a class=\"\" href=\"https:\/\/trifecta.hu\/wp-content\/uploads\/2025\/06\/trifecta-udvarhaz-1-1024x525.png\" data-lightbox=\"lightbox[rel-3081-3875807769]\"><img loading=\"lazy\" decoding=\"async\" width=\"1170\" height=\"600\" src=\"https:\/\/trifecta.hu\/wp-content\/uploads\/2025\/06\/trifecta-udvarhaz-1.png\" class=\"attachment-full\" alt=\"\" title=\"trifecta-udvarhaz-1\" srcset=\"https:\/\/trifecta.hu\/wp-content\/uploads\/2025\/06\/trifecta-udvarhaz-1.png 1170w, https:\/\/trifecta.hu\/wp-content\/uploads\/2025\/06\/trifecta-udvarhaz-1-300x154.png 300w, https:\/\/trifecta.hu\/wp-content\/uploads\/2025\/06\/trifecta-udvarhaz-1-1024x525.png 1024w, https:\/\/trifecta.hu\/wp-content\/uploads\/2025\/06\/trifecta-udvarhaz-1-768x394.png 768w, https:\/\/trifecta.hu\/wp-content\/uploads\/2025\/06\/trifecta-udvarhaz-1-450x231.png 450w, https:\/\/trifecta.hu\/wp-content\/uploads\/2025\/06\/trifecta-udvarhaz-1-600x308.png 600w\" sizes=\"auto, (max-width: 1170px) 100vw, 1170px\" \/><\/a><\/li><li><a class=\"\" href=\"https:\/\/trifecta.hu\/wp-content\/uploads\/2025\/06\/trifecta-udvarhaz-2.png\" data-lightbox=\"lightbox[rel-3081-3875807769]\"><img loading=\"lazy\" decoding=\"async\" width=\"960\" height=\"600\" src=\"https:\/\/trifecta.hu\/wp-content\/uploads\/2025\/06\/trifecta-udvarhaz-2.png\" class=\"attachment-full\" alt=\"\" title=\"trifecta-udvarhaz-2\" srcset=\"https:\/\/trifecta.hu\/wp-content\/uploads\/2025\/06\/trifecta-udvarhaz-2.png 960w, https:\/\/trifecta.hu\/wp-content\/uploads\/2025\/06\/trifecta-udvarhaz-2-300x188.png 300w, https:\/\/trifecta.hu\/wp-content\/uploads\/2025\/06\/trifecta-udvarhaz-2-768x480.png 768w, https:\/\/trifecta.hu\/wp-content\/uploads\/2025\/06\/trifecta-udvarhaz-2-450x281.png 450w, https:\/\/trifecta.hu\/wp-content\/uploads\/2025\/06\/trifecta-udvarhaz-2-600x375.png 600w\" sizes=\"auto, (max-width: 960px) 100vw, 960px\" \/><\/a><\/li><li><a class=\"\" href=\"https:\/\/trifecta.hu\/wp-content\/uploads\/2025\/06\/trifecta-udvarhaz-3-1024x525.png\" data-lightbox=\"lightbox[rel-3081-3875807769]\"><img loading=\"lazy\" decoding=\"async\" width=\"1170\" height=\"600\" src=\"https:\/\/trifecta.hu\/wp-content\/uploads\/2025\/06\/trifecta-udvarhaz-3.png\" class=\"attachment-full\" alt=\"\" title=\"trifecta-udvarhaz-3\" srcset=\"https:\/\/trifecta.hu\/wp-content\/uploads\/2025\/06\/trifecta-udvarhaz-3.png 1170w, https:\/\/trifecta.hu\/wp-content\/uploads\/2025\/06\/trifecta-udvarhaz-3-300x154.png 300w, https:\/\/trifecta.hu\/wp-content\/uploads\/2025\/06\/trifecta-udvarhaz-3-1024x525.png 1024w, https:\/\/trifecta.hu\/wp-content\/uploads\/2025\/06\/trifecta-udvarhaz-3-768x394.png 768w, https:\/\/trifecta.hu\/wp-content\/uploads\/2025\/06\/trifecta-udvarhaz-3-450x231.png 450w, https:\/\/trifecta.hu\/wp-content\/uploads\/2025\/06\/trifecta-udvarhaz-3-600x308.png 600w\" sizes=\"auto, (max-width: 1170px) 100vw, 1170px\" \/><\/a><\/li><li><a class=\"\" href=\"https:\/\/trifecta.hu\/wp-content\/uploads\/2025\/06\/trifecta-udvarhaz-4-1024x525.png\" data-lightbox=\"lightbox[rel-3081-3875807769]\"><img loading=\"lazy\" decoding=\"async\" width=\"1170\" height=\"600\" src=\"https:\/\/trifecta.hu\/wp-content\/uploads\/2025\/06\/trifecta-udvarhaz-4.png\" class=\"attachment-full\" alt=\"\" title=\"trifecta-udvarhaz-4\" srcset=\"https:\/\/trifecta.hu\/wp-content\/uploads\/2025\/06\/trifecta-udvarhaz-4.png 1170w, https:\/\/trifecta.hu\/wp-content\/uploads\/2025\/06\/trifecta-udvarhaz-4-300x154.png 300w, https:\/\/trifecta.hu\/wp-content\/uploads\/2025\/06\/trifecta-udvarhaz-4-1024x525.png 1024w, https:\/\/trifecta.hu\/wp-content\/uploads\/2025\/06\/trifecta-udvarhaz-4-768x394.png 768w, https:\/\/trifecta.hu\/wp-content\/uploads\/2025\/06\/trifecta-udvarhaz-4-450x231.png 450w, https:\/\/trifecta.hu\/wp-content\/uploads\/2025\/06\/trifecta-udvarhaz-4-600x308.png 600w\" sizes=\"auto, (max-width: 1170px) 100vw, 1170px\" \/><\/a><\/li><li><a class=\"\" href=\"https:\/\/trifecta.hu\/wp-content\/uploads\/2025\/06\/trifecta-udvarhaz-5-1024x525.png\" data-lightbox=\"lightbox[rel-3081-3875807769]\"><img loading=\"lazy\" decoding=\"async\" width=\"1170\" height=\"600\" src=\"https:\/\/trifecta.hu\/wp-content\/uploads\/2025\/06\/trifecta-udvarhaz-5.png\" class=\"attachment-full\" alt=\"\" title=\"trifecta-udvarhaz-5\" srcset=\"https:\/\/trifecta.hu\/wp-content\/uploads\/2025\/06\/trifecta-udvarhaz-5.png 1170w, https:\/\/trifecta.hu\/wp-content\/uploads\/2025\/06\/trifecta-udvarhaz-5-300x154.png 300w, https:\/\/trifecta.hu\/wp-content\/uploads\/2025\/06\/trifecta-udvarhaz-5-1024x525.png 1024w, https:\/\/trifecta.hu\/wp-content\/uploads\/2025\/06\/trifecta-udvarhaz-5-768x394.png 768w, https:\/\/trifecta.hu\/wp-content\/uploads\/2025\/06\/trifecta-udvarhaz-5-450x231.png 450w, https:\/\/trifecta.hu\/wp-content\/uploads\/2025\/06\/trifecta-udvarhaz-5-600x308.png 600w\" sizes=\"auto, (max-width: 1170px) 100vw, 1170px\" \/><\/a><\/li><li><a class=\"\" href=\"https:\/\/trifecta.hu\/wp-content\/uploads\/2025\/06\/trifecta-udvarhaz-6-1024x525.png\" data-lightbox=\"lightbox[rel-3081-3875807769]\"><img loading=\"lazy\" decoding=\"async\" width=\"1170\" height=\"600\" src=\"https:\/\/trifecta.hu\/wp-content\/uploads\/2025\/06\/trifecta-udvarhaz-6.png\" class=\"attachment-full\" alt=\"\" title=\"trifecta-udvarhaz-6\" srcset=\"https:\/\/trifecta.hu\/wp-content\/uploads\/2025\/06\/trifecta-udvarhaz-6.png 1170w, https:\/\/trifecta.hu\/wp-content\/uploads\/2025\/06\/trifecta-udvarhaz-6-300x154.png 300w, https:\/\/trifecta.hu\/wp-content\/uploads\/2025\/06\/trifecta-udvarhaz-6-1024x525.png 1024w, https:\/\/trifecta.hu\/wp-content\/uploads\/2025\/06\/trifecta-udvarhaz-6-768x394.png 768w, https:\/\/trifecta.hu\/wp-content\/uploads\/2025\/06\/trifecta-udvarhaz-6-450x231.png 450w, https:\/\/trifecta.hu\/wp-content\/uploads\/2025\/06\/trifecta-udvarhaz-6-600x308.png 600w\" sizes=\"auto, (max-width: 1170px) 100vw, 1170px\" \/><\/a><\/li><\/ul><\/div><\/div><\/div><\/div><\/div><\/div><\/div>\n<\/div>","protected":false},"excerpt":{"rendered":"Tokaj-Hegyalja \u00e9s azon bel\u00fcl T\u00e1llya 2002-t\u0151l, kult\u00fart\u00e1jk\u00e9nt a Vil\u00e1g\u00f6r\u00f6ks\u00e9g r\u00e9sz\u00e9t k\u00e9pezi. K\u00f6zs\u00e9g\u00fcnk Eur\u00f3pa m\u00e9rtani k\u00f6z\u00e9ppontj\u00e1ban fekszik, \u00e9s mint az \u00e9vsz\u00e1zadok \u00f3ta m\u00e9lt\u00e1n vil\u00e1gh\u00edr\u0171 Tokaji borvid\u00e9k r\u00e9sze, k\u00e9ts\u00e9g k\u00edv\u00fcl felejthetetlen \u00e9lm\u00e9nyekkel<br class=\"read-more-spacer\"> <a class=\"more-link\" href=\"https:\/\/trifecta.hu\/eng\/guesthouse\/\">Read More<\/a>","protected":false},"author":39,"featured_media":0,"parent":0,"menu_order":0,"comment_status":"closed","ping_status":"closed","template":"","meta":{"_acf_changed":false,"_seopress_robots_primary_cat":"","_seopress_titles_title":"","_seopress_titles_desc":"A Trifecta Udvarh\u00e1z T\u00e1lly\u00e1n, a Tokaji borvid\u00e9k sz\u00edv\u00e9ben tal\u00e1lhat\u00f3, pr\u00e9mium bor\u00e1szatunk sz\u00e1ll\u00e1shelyek\u00e9nt. Vend\u00e9geink wellness szolg\u00e1ltat\u00e1sokkal, bor\u00e1szat programokkal \u00e9s k\u00e9zm\u0171ves reggelikkel v\u00e1rjuk, hogy felejthetetlen \u00e9lm\u00e9nyeket ny\u00fajtsunk a borok \u00e9s a vid\u00e9ki nyugalom szerelmeseinek.","_seopress_robots_index":"","footnotes":""},"class_list":["post-3081","page","type-page","status-publish","hentry"],"acf":[],"_links":{"self":[{"href":"https:\/\/trifecta.hu\/eng\/wp-json\/wp\/v2\/pages\/3081","targetHints":{"allow":["GET"]}}],"collection":[{"href":"https:\/\/trifecta.hu\/eng\/wp-json\/wp\/v2\/pages"}],"about":[{"href":"https:\/\/trifecta.hu\/eng\/wp-json\/wp\/v2\/types\/page"}],"author":[{"embeddable":true,"href":"https:\/\/trifecta.hu\/eng\/wp-json\/wp\/v2\/users\/39"}],"replies":[{"embeddable":true,"href":"https:\/\/trifecta.hu\/eng\/wp-json\/wp\/v2\/comments?post=3081"}],"version-history":[{"count":28,"href":"https:\/\/trifecta.hu\/eng\/wp-json\/wp\/v2\/pages\/3081\/revisions"}],"predecessor-version":[{"id":3254,"href":"https:\/\/trifecta.hu\/eng\/wp-json\/wp\/v2\/pages\/3081\/revisions\/3254"}],"wp:attachment":[{"href":"https:\/\/trifecta.hu\/eng\/wp-json\/wp\/v2\/media?parent=3081"}],"curies":[{"name":"wp","href":"https:\/\/api.w.org\/{rel}","templated":true}]}}