{"id":3468,"date":"2025-07-15T16:27:03","date_gmt":"2025-07-15T14:27:03","guid":{"rendered":"https:\/\/trifecta.dev.fabricor.hu\/?page_id=3468"},"modified":"2025-08-11T15:06:10","modified_gmt":"2025-08-11T13:06:10","slug":"napa-usa","status":"publish","type":"page","link":"https:\/\/trifecta.hu\/eng\/napa-usa\/","title":{"rendered":"Napa, USA"},"content":{"rendered":"<div class=\"wpb-content-wrapper\"><div class=\"vc_row wpb_row vc_row-fluid\"><div class=\"wpb_column vc_column_container vc_col-sm-12\"><div class=\"vc_column-inner\"><div class=\"wpb_wrapper\">\n\t<div class=\"wpb_text_column wpb_content_element\" >\n\t\t<div class=\"wpb_wrapper\">\n\t\t\t<h1 style=\"text-align: center;\">The Story of Napa<\/h1>\n\n\t\t<\/div>\n\t<\/div>\n<div class=\"vc_separator wpb_content_element vc_separator_align_center vc_sep_width_10 vc_sep_pos_align_center vc_separator_no_text wpb_content_element  wpb_content_element\" ><span class=\"vc_sep_holder vc_sep_holder_l\"><span style=\"border-color:#b8976d;\" class=\"vc_sep_line\"><\/span><\/span><span class=\"vc_sep_holder vc_sep_holder_r\"><span style=\"border-color:#b8976d;\" class=\"vc_sep_line\"><\/span><\/span>\n<\/div>\n\t<div class=\"wpb_text_column wpb_content_element\" >\n\t\t<div class=\"wpb_wrapper\">\n\t\t\t<p style=\"text-align: center;\">In just a century and a half, Napa Valley has risen to become one of the world\u2019s most renowned wine regions\u2014where a deep commitment to winemaking meets extraordinary natural conditions.<\/p>\n<p style=\"text-align: center;\">The first vineyards were planted in the mid-19th century, but Napa\u2019s true breakthrough came with the 1976 Judgment of Paris, when several Napa wines surpassed the greatest French classics in a blind tasting. Since then, the name Napa Valley has become synonymous with quality, precision, and age-worthy wines.<\/p>\n<p style=\"text-align: center;\">Today, the region is a mosaic of distinct microclimates and vineyard sites, where every winemaking decision is made with one goal in mind: expressing the purest form of the terroir. In Trifecta\u2019s wines, this legacy and craftsmanship meet our own philosophy\u2014sourced from carefully selected vineyards and crafted in a timeless style.<\/p>\n\n\t\t<\/div>\n\t<\/div>\n<\/div><\/div><\/div><\/div><div class=\"vc_row wpb_row vc_row-fluid\"><div class=\"wpb_column vc_column_container vc_col-sm-12\"><div class=\"vc_column-inner\"><div class=\"wpb_wrapper\">\n\t<div class=\"wpb_text_column wpb_content_element\" >\n\t\t<div class=\"wpb_wrapper\">\n\t\t\t<h2 style=\"text-align: center;\">Vineyards<\/h2>\n\n\t\t<\/div>\n\t<\/div>\n<div class=\"vc_separator wpb_content_element vc_separator_align_center vc_sep_width_10 vc_sep_pos_align_center vc_separator_no_text wpb_content_element  wpb_content_element\" ><span class=\"vc_sep_holder vc_sep_holder_l\"><span style=\"border-color:#b8976d;\" class=\"vc_sep_line\"><\/span><\/span><span class=\"vc_sep_holder vc_sep_holder_r\"><span style=\"border-color:#b8976d;\" class=\"vc_sep_line\"><\/span><\/span>\n<\/div><\/div><\/div><\/div><\/div><div class=\"vc_row wpb_row vc_row-fluid\"><div class=\"wpb_column vc_column_container vc_col-sm-12\"><div class=\"vc_column-inner\"><div class=\"wpb_wrapper\">\n\t<div class=\"title-subtitle-box\" style=\" margin-bottom:20px; text-align: left;\">\n\t\t<p  style=\" color:#000000; \">Sonoma Coast<\/p>\n\t\t<h1 style=\" color:#b8976d;  font-style: normal;\">Fort Ross\u2013Seaview<\/h1>\n\t<\/div> \n\t<div class=\"wpb_text_column wpb_content_element\" >\n\t\t<div class=\"wpb_wrapper\">\n\t\t\t<p>The Fort Ross\u2013Seaview AVA is one of California\u2019s most distinctive winegrowing regions. Perched high above the Pacific Ocean\u2019s fog line, its vineyards stretch across steep coastal slopes at elevations of 300\u2013500 meters. The unique microclimate\u2014marked by cool mornings and sun-drenched afternoons\u2014creates wines with exceptional acidity, precision, and refined elegance.<\/p>\n<p>For Trifecta, these sites serve as the foundation for wines that are both structured and refined. The slow ripening, the cool ocean air, and the mineral-rich soils lend a distinctive depth to the wines we craft from here \u2014 expressions where natural purity and elegance exist in perfect harmony.<\/p>\n\n\t\t<\/div>\n\t<\/div>\n<\/div><\/div><\/div><\/div><div class=\"vc_row wpb_row vc_row-fluid\"><div class=\"wpb_column vc_column_container vc_col-sm-12\"><div class=\"vc_column-inner\"><div class=\"wpb_wrapper\">\n\t<div class=\"title-subtitle-box\" style=\" margin-bottom:20px; text-align: left;\">\n\t\t<p  style=\" color:#000000; \">Sonoma County<\/p>\n\t\t<h1 style=\" color:#b8976d;  font-style: normal;\">Russian River Valley<\/h1>\n\t<\/div> \n\t<div class=\"wpb_text_column wpb_content_element\" >\n\t\t<div class=\"wpb_wrapper\">\n\t\t\t<p>The Russian River Valley has become synonymous with the finely tuned, cool-climate expression of Californian winemaking. Morning fog drifting in from the Pacific, mild daytime temperatures, and diverse soil compositions allow wines from this region to retain remarkable freshness while developing depth and layered complexity.<\/p>\n<p>For Trifecta, this area represents precision and balance at their finest. The wines we select from the Russian River Valley are defined by refined acidity, a silky texture, and a natural elegance that truly reflects the character of this renowned region.<\/p>\n\n\t\t<\/div>\n\t<\/div>\n<\/div><\/div><\/div><\/div><div class=\"vc_row wpb_row vc_row-fluid\"><div class=\"wpb_column vc_column_container vc_col-sm-12\"><div class=\"vc_column-inner\"><div class=\"wpb_wrapper\">\n\t<div class=\"title-subtitle-box\" style=\" margin-bottom:20px; text-align: left;\">\n\t\t<p  style=\" color:#000000; \">California<\/p>\n\t\t<h1 style=\" color:#b8976d;  font-style: normal;\">Napa Valley<\/h1>\n\t<\/div> \n\t<div class=\"wpb_text_column wpb_content_element\" >\n\t\t<div class=\"wpb_wrapper\">\n\t\t\t<p>The name Napa Valley has become synonymous with the pinnacle of Californian winemaking. Its remarkable geological and climatic diversity\u2014from the cool, marine-influenced valleys to the warmer inland slopes\u2014creates a terroir capable of producing wines of exceptional richness, structure, and long-term aging potential.<\/p>\n<p>Within the Trifecta portfolio, our Napa selections embody concentration, depth, and meticulous detail. Each vintage expresses the character of its specific microclimate and vineyard site, resulting in wines that do not simply follow a style, but stand on their own with a distinct and confident identity.<\/p>\n\n\t\t<\/div>\n\t<\/div>\n<\/div><\/div><\/div><\/div>\n<\/div>","protected":false},"excerpt":{"rendered":"Napa t\u00f6rt\u00e9nete A Napa-v\u00f6lgy alig m\u00e1sf\u00e9l \u00e9vsz\u00e1zad alatt v\u00e1lt a vil\u00e1g egyik legismertebb borvid\u00e9k\u00e9v\u00e9 \u2013 ahol a bor ir\u00e1nti elk\u00f6telezetts\u00e9g \u00e9s a term\u00e9szet adotts\u00e1gai t\u00f6k\u00e9letesen tal\u00e1lkoznak. Az els\u0151 sz\u0151l\u0151\u00fcltetv\u00e9nyeket a<br class=\"read-more-spacer\"> <a class=\"more-link\" href=\"https:\/\/trifecta.hu\/eng\/napa-usa\/\">Read More<\/a>","protected":false},"author":39,"featured_media":0,"parent":0,"menu_order":0,"comment_status":"closed","ping_status":"closed","template":"","meta":{"_acf_changed":false,"_seopress_robots_primary_cat":"","_seopress_titles_title":"","_seopress_titles_desc":"Fedezze fel a Trifecta bor\u00e1szat kaliforniai Napa-v\u00f6lgyi birtok\u00e1t, ahol a Fort Ross\u2013Seaview \u00e9s a Russian River Valley egyed\u00fcl\u00e1ll\u00f3 mikrokl\u00edm\u00e1j\u00e1ban k\u00e9sz\u00fclnek pr\u00e9mium cabernet sauvignon \u00e9s pinot noir boraink.","_seopress_robots_index":"","footnotes":""},"class_list":["post-3468","page","type-page","status-publish","hentry"],"acf":[],"_links":{"self":[{"href":"https:\/\/trifecta.hu\/eng\/wp-json\/wp\/v2\/pages\/3468","targetHints":{"allow":["GET"]}}],"collection":[{"href":"https:\/\/trifecta.hu\/eng\/wp-json\/wp\/v2\/pages"}],"about":[{"href":"https:\/\/trifecta.hu\/eng\/wp-json\/wp\/v2\/types\/page"}],"author":[{"embeddable":true,"href":"https:\/\/trifecta.hu\/eng\/wp-json\/wp\/v2\/users\/39"}],"replies":[{"embeddable":true,"href":"https:\/\/trifecta.hu\/eng\/wp-json\/wp\/v2\/comments?post=3468"}],"version-history":[{"count":3,"href":"https:\/\/trifecta.hu\/eng\/wp-json\/wp\/v2\/pages\/3468\/revisions"}],"predecessor-version":[{"id":3471,"href":"https:\/\/trifecta.hu\/eng\/wp-json\/wp\/v2\/pages\/3468\/revisions\/3471"}],"wp:attachment":[{"href":"https:\/\/trifecta.hu\/eng\/wp-json\/wp\/v2\/media?parent=3468"}],"curies":[{"name":"wp","href":"https:\/\/api.w.org\/{rel}","templated":true}]}}