{"id":3549,"date":"2025-10-16T15:09:41","date_gmt":"2025-10-16T13:09:41","guid":{"rendered":"https:\/\/trifecta.hu\/?post_type=product&#038;p=3549"},"modified":"2025-10-30T08:44:53","modified_gmt":"2025-10-30T07:44:53","slug":"karma-harslevelu-2024","status":"publish","type":"product","link":"https:\/\/trifecta.hu\/eng\/webshop\/karma-harslevelu-2024\/","title":{"rendered":"Karma H\u00e1rslevel\u0171 2024"},"content":{"rendered":"","protected":false},"excerpt":{"rendered":"<p>This H\u00e1rslevel\u0171 embodies the classic Tokaj style in a refined, subtly oaked expression. The aromas reveal ripe yellow apple, linden honey, and soft vanilla cream, lifted by a hint of gentle spice.\nOn the palate, it is rich yet balanced, combining ripe fruit depth with refreshing citrus peel brightness. The finish is long and elegant, marked by delicate almond notes and a harmonious, rounded texture.<\/p>","protected":false},"featured_media":3550,"template":"","meta":{"_acf_changed":false,"_seopress_robots_primary_cat":"none","_seopress_titles_title":"Karma H\u00e1rslevel\u0171 2024","_seopress_titles_desc":"A Karma H\u00e1rslevel\u0171 2024 a tokaji elegancia megtestes\u00edt\u0151je: \u00e9rett gy\u00fcm\u00f6lcs\u00f6k, h\u00e1rsm\u00e9z \u00e9s finom f\u0171szeress\u00e9g harmonikus egyens\u00falya, hosszan tart\u00f3 lecseng\u00e9ssel.","_seopress_robots_index":""},"product_brand":[],"product_cat":[18,22],"product_tag":[],"class_list":{"0":"post-3549","1":"product","2":"type-product","3":"status-publish","4":"has-post-thumbnail","6":"product_cat-feher-borok","7":"product_cat-feher-borok-en","9":"first","10":"instock","11":"taxable","12":"shipping-taxable","13":"purchasable","14":"product-type-simple"},"acf":[],"_links":{"self":[{"href":"https:\/\/trifecta.hu\/eng\/wp-json\/wp\/v2\/product\/3549","targetHints":{"allow":["GET"]}}],"collection":[{"href":"https:\/\/trifecta.hu\/eng\/wp-json\/wp\/v2\/product"}],"about":[{"href":"https:\/\/trifecta.hu\/eng\/wp-json\/wp\/v2\/types\/product"}],"wp:featuredmedia":[{"embeddable":true,"href":"https:\/\/trifecta.hu\/eng\/wp-json\/wp\/v2\/media\/3550"}],"wp:attachment":[{"href":"https:\/\/trifecta.hu\/eng\/wp-json\/wp\/v2\/media?parent=3549"}],"wp:term":[{"taxonomy":"product_brand","embeddable":true,"href":"https:\/\/trifecta.hu\/eng\/wp-json\/wp\/v2\/product_brand?post=3549"},{"taxonomy":"product_cat","embeddable":true,"href":"https:\/\/trifecta.hu\/eng\/wp-json\/wp\/v2\/product_cat?post=3549"},{"taxonomy":"product_tag","embeddable":true,"href":"https:\/\/trifecta.hu\/eng\/wp-json\/wp\/v2\/product_tag?post=3549"}],"curies":[{"name":"wp","href":"https:\/\/api.w.org\/{rel}","templated":true}]}}