{"id":3551,"date":"2025-10-16T17:04:30","date_gmt":"2025-10-16T15:04:30","guid":{"rendered":"https:\/\/trifecta.hu\/?post_type=product&#038;p=3551"},"modified":"2025-10-30T08:44:59","modified_gmt":"2025-10-30T07:44:59","slug":"karma-furmint-2024","status":"publish","type":"product","link":"https:\/\/trifecta.hu\/eng\/webshop\/karma-furmint-2024\/","title":{"rendered":"Karma Furmint 2024"},"content":{"rendered":"","protected":false},"excerpt":{"rendered":"<p>The Karma Furmint reveals the variety\u2019s softer, more fruit-driven side. The nose unfolds with sweet red apple, Williams pear, and yellow blossom, accented by a hint of subtle minerality.\nOn the palate, it is rounded and refined, showing juicy fruit flavours, delicate mineral notes, and a chestnut honey finish. A harmonious, layered Furmint that expresses Tokaj\u2019s elegance in a gentler, more graceful form.<\/p>","protected":false},"featured_media":3552,"template":"","meta":{"_acf_changed":false,"_seopress_robots_primary_cat":"none","_seopress_titles_title":"Karma Furmint 2024","_seopress_titles_desc":"A Karma Furmint 2024 l\u00e1gy, gy\u00fcm\u00f6lcs\u00f6s tokaji st\u00edlus: \u00e9des piros alma, vilmosk\u00f6rte \u00e9s finom \u00e1sv\u00e1nyoss\u00e1g harmonikus egys\u00e9gben, gesztenyem\u00e9zes lecseng\u00e9ssel.","_seopress_robots_index":""},"product_brand":[],"product_cat":[18,22],"product_tag":[],"class_list":{"0":"post-3551","1":"product","2":"type-product","3":"status-publish","4":"has-post-thumbnail","6":"product_cat-feher-borok","7":"product_cat-feher-borok-en","9":"first","10":"instock","11":"taxable","12":"shipping-taxable","13":"purchasable","14":"product-type-simple"},"acf":[],"_links":{"self":[{"href":"https:\/\/trifecta.hu\/eng\/wp-json\/wp\/v2\/product\/3551","targetHints":{"allow":["GET"]}}],"collection":[{"href":"https:\/\/trifecta.hu\/eng\/wp-json\/wp\/v2\/product"}],"about":[{"href":"https:\/\/trifecta.hu\/eng\/wp-json\/wp\/v2\/types\/product"}],"wp:featuredmedia":[{"embeddable":true,"href":"https:\/\/trifecta.hu\/eng\/wp-json\/wp\/v2\/media\/3552"}],"wp:attachment":[{"href":"https:\/\/trifecta.hu\/eng\/wp-json\/wp\/v2\/media?parent=3551"}],"wp:term":[{"taxonomy":"product_brand","embeddable":true,"href":"https:\/\/trifecta.hu\/eng\/wp-json\/wp\/v2\/product_brand?post=3551"},{"taxonomy":"product_cat","embeddable":true,"href":"https:\/\/trifecta.hu\/eng\/wp-json\/wp\/v2\/product_cat?post=3551"},{"taxonomy":"product_tag","embeddable":true,"href":"https:\/\/trifecta.hu\/eng\/wp-json\/wp\/v2\/product_tag?post=3551"}],"curies":[{"name":"wp","href":"https:\/\/api.w.org\/{rel}","templated":true}]}}