{"id":3558,"date":"2025-10-17T09:44:13","date_gmt":"2025-10-17T07:44:13","guid":{"rendered":"https:\/\/trifecta.hu\/?post_type=product&#038;p=3558"},"modified":"2025-10-30T08:43:55","modified_gmt":"2025-10-30T07:43:55","slug":"trifecta-furmint-2023","status":"publish","type":"product","link":"https:\/\/trifecta.hu\/eng\/webshop\/trifecta-furmint-2023\/","title":{"rendered":"Trifecta Furmint 2023"},"content":{"rendered":"","protected":false},"excerpt":{"rendered":"<p>A refined and elegant Furmint that reflects the warmer character of the Tokaj region in a subtle style. The nose intertwines honeyed and vanilla notes with aromas of ripe yellow apple and Williams pear, lending the wine a gentle creaminess.\nOn the palate, it is round and smooth in texture, showing mature fruit, delicate nutty undertones, and a long, silky finish.<\/p>","protected":false},"featured_media":3563,"template":"","meta":{"_acf_changed":false,"_seopress_robots_primary_cat":"none","_seopress_titles_title":"Trifecta Furmint 2023","_seopress_titles_desc":"A Trifecta Furmint 2023 eleg\u00e1ns, kr\u00e9mes \u00e9s harmonikus t\u00e9tel: m\u00e9zes, van\u00edli\u00e1s \u00e9s \u00e9rett gy\u00fcm\u00f6lcs\u00f6s arom\u00e1k finom di\u00f3s \u00e1rnyalatokkal \u00e9s hosszan tart\u00f3 lecseng\u00e9ssel.","_seopress_robots_index":""},"product_brand":[],"product_cat":[18,22],"product_tag":[],"class_list":{"0":"post-3558","1":"product","2":"type-product","3":"status-publish","4":"has-post-thumbnail","6":"product_cat-feher-borok","7":"product_cat-feher-borok-en","9":"first","10":"instock","11":"taxable","12":"shipping-taxable","13":"purchasable","14":"product-type-simple"},"acf":[],"_links":{"self":[{"href":"https:\/\/trifecta.hu\/eng\/wp-json\/wp\/v2\/product\/3558","targetHints":{"allow":["GET"]}}],"collection":[{"href":"https:\/\/trifecta.hu\/eng\/wp-json\/wp\/v2\/product"}],"about":[{"href":"https:\/\/trifecta.hu\/eng\/wp-json\/wp\/v2\/types\/product"}],"wp:featuredmedia":[{"embeddable":true,"href":"https:\/\/trifecta.hu\/eng\/wp-json\/wp\/v2\/media\/3563"}],"wp:attachment":[{"href":"https:\/\/trifecta.hu\/eng\/wp-json\/wp\/v2\/media?parent=3558"}],"wp:term":[{"taxonomy":"product_brand","embeddable":true,"href":"https:\/\/trifecta.hu\/eng\/wp-json\/wp\/v2\/product_brand?post=3558"},{"taxonomy":"product_cat","embeddable":true,"href":"https:\/\/trifecta.hu\/eng\/wp-json\/wp\/v2\/product_cat?post=3558"},{"taxonomy":"product_tag","embeddable":true,"href":"https:\/\/trifecta.hu\/eng\/wp-json\/wp\/v2\/product_tag?post=3558"}],"curies":[{"name":"wp","href":"https:\/\/api.w.org\/{rel}","templated":true}]}}