{"id":3701,"date":"2026-02-03T17:03:26","date_gmt":"2026-02-03T16:03:26","guid":{"rendered":"https:\/\/trifecta.hu\/?post_type=product&#038;p=3701"},"modified":"2026-03-18T12:23:49","modified_gmt":"2026-03-18T11:23:49","slug":"furmint-februar-valogatas","status":"publish","type":"product","link":"https:\/\/trifecta.hu\/eng\/webshop\/furmint-februar-valogatas\/","title":{"rendered":"Furmint v\u00e1logat\u00e1s"},"content":{"rendered":"","protected":false},"excerpt":{"rendered":"<p class=\"p3\">\u00a0A Furmint Tokaj egyik meghat\u00e1roz\u00f3 sz\u0151l\u0151fajt\u00e1ja, melyhez mi is mindig biztos k\u00e9zzel ny\u00falunk. \u00d6ssze\u00e1ll\u00edtottunk nektek, egy hat palackos v\u00e1logat\u00e1st, amely a Trifecta furmintjain kereszt\u00fcl mutatja meg a fajta sokoldal\u00fas\u00e1g\u00e1t.<\/p>\n<p class=\"p3\">A csomagban a Karma Furmint k\u00e9t k\u00fcl\u00f6nb\u00f6z\u0151 \u00e9vj\u00e1rata egym\u00e1s mellett k\u00f3stolva ad k\u00e9pet az id\u0151 szerep\u00e9r\u0151l \u00e9s a bor fejl\u0151d\u00e9s\u00e9ben. A Trifecta Furmint 2023 letisztult, kiegyens\u00falyozott st\u00edlusban k\u00e9pviseli a bor\u00e1szat szeml\u00e9let\u00e9t, m\u00edg a Lapis Furmint 2023 d\u0171l\u0151s t\u00e9telk\u00e9nt a tokaji term\u0151hely r\u00e9tegzetts\u00e9g\u00e9t \u00e9s karakter\u00e9t emeli ki. Ez a csomag azok sz\u00e1m\u00e1ra k\u00e9sz\u00fclt, akik szeretn\u00e9k a fajta k\u00fcl\u00f6nb\u00f6z\u0151 arcait egy tudatosan \u00f6ssze\u00e1ll\u00edtott v\u00e1logat\u00e1son kereszt\u00fcl megismerni.<\/p>\n<p class=\"p3\"><b>A csomag tartalma:<\/b><\/p>\n<ul class=\"ul1\">\n<li class=\"li3\">2 \u00d7 Karma Furmint 2024<\/li>\n<li class=\"li3\">2 \u00d7 Karma Furmint 2017<\/li>\n<li class=\"li3\">1 \u00d7 Trifecta Furmint 2023<\/li>\n<li class=\"li3\">1 \u00d7 Lapis Furmint 2023<\/li>\n<\/ul>","protected":false},"featured_media":3703,"template":"","meta":{"_acf_changed":false,"_seopress_robots_primary_cat":"none","_seopress_titles_title":"Furmint v\u00e1logat\u00e1s","_seopress_titles_desc":"Furmint v\u00e1logat\u00e1s a Trifect\u00e1t\u00f3l: hat palack, t\u00f6bb \u00e9vj\u00e1rat \u00e9s d\u0171l\u0151s karakter Tokajb\u00f3l. Limit\u00e1lt csomag a furmint soksz\u00edn\u0171s\u00e9g\u00e9vel.","_seopress_robots_index":""},"product_brand":[],"product_cat":[18,22],"product_tag":[],"class_list":{"0":"post-3701","1":"product","2":"type-product","3":"status-publish","4":"has-post-thumbnail","6":"product_cat-feher-borok","7":"product_cat-feher-borok-en","9":"first","10":"instock","11":"sale","12":"taxable","13":"shipping-taxable","14":"purchasable","15":"product-type-simple"},"acf":[],"_links":{"self":[{"href":"https:\/\/trifecta.hu\/eng\/wp-json\/wp\/v2\/product\/3701","targetHints":{"allow":["GET"]}}],"collection":[{"href":"https:\/\/trifecta.hu\/eng\/wp-json\/wp\/v2\/product"}],"about":[{"href":"https:\/\/trifecta.hu\/eng\/wp-json\/wp\/v2\/types\/product"}],"wp:featuredmedia":[{"embeddable":true,"href":"https:\/\/trifecta.hu\/eng\/wp-json\/wp\/v2\/media\/3703"}],"wp:attachment":[{"href":"https:\/\/trifecta.hu\/eng\/wp-json\/wp\/v2\/media?parent=3701"}],"wp:term":[{"taxonomy":"product_brand","embeddable":true,"href":"https:\/\/trifecta.hu\/eng\/wp-json\/wp\/v2\/product_brand?post=3701"},{"taxonomy":"product_cat","embeddable":true,"href":"https:\/\/trifecta.hu\/eng\/wp-json\/wp\/v2\/product_cat?post=3701"},{"taxonomy":"product_tag","embeddable":true,"href":"https:\/\/trifecta.hu\/eng\/wp-json\/wp\/v2\/product_tag?post=3701"}],"curies":[{"name":"wp","href":"https:\/\/api.w.org\/{rel}","templated":true}]}}